{"id":2,"date":"2026-01-09T04:50:27","date_gmt":"2026-01-09T04:50:27","guid":{"rendered":"http:\/\/defoamer.net\/?page_id=2"},"modified":"2026-01-09T04:50:27","modified_gmt":"2026-01-09T04:50:27","slug":"trang-mau","status":"publish","type":"page","link":"http:\/\/defoamer.net\/vi\/trang-mau\/","title":{"rendered":"Trang m\u1eabu"},"content":{"rendered":"<p>\u0110\u00e2y l\u00e0 m\u1ed9t trang m\u1eabu. Trang n\u00e0y kh\u00e1c v\u1edbi b\u00e0i vi\u1ebft tr\u00ean blog v\u00ec n\u00f3 s\u1ebd lu\u00f4n n\u1eb1m c\u1ed1 \u0111\u1ecbnh t\u1ea1i m\u1ed9t v\u1ecb tr\u00ed v\u00e0 xu\u1ea5t hi\u1ec7n trong thanh \u0111i\u1ec1u h\u01b0\u1edbng c\u1ee7a trang web (trong h\u1ea7u h\u1ebft c\u00e1c giao di\u1ec7n). H\u1ea7u h\u1ebft m\u1ecdi ng\u01b0\u1eddi th\u01b0\u1eddng b\u1eaft \u0111\u1ea7u b\u1eb1ng m\u1ed9t trang Gi\u1edbi thi\u1ec7u \u0111\u1ec3 gi\u1edbi thi\u1ec7u b\u1ea3n th\u00e2n v\u1edbi nh\u1eefng ng\u01b0\u1eddi truy c\u1eadp ti\u1ec1m n\u0103ng. N\u1ed9i dung trang n\u00e0y c\u00f3 th\u1ec3 nh\u01b0 sau:<\/p>\n\n\n\n<blockquote class=\"wp-block-quote is-layout-flow wp-block-quote-is-layout-flow\">\n\n<p>Xin ch\u00e0o! Ban ng\u00e0y t\u00f4i l\u00e0 m\u1ed9t ng\u01b0\u1eddi giao h\u00e0ng b\u1eb1ng xe \u0111\u1ea1p, ban \u0111\u00eam l\u00e0 m\u1ed9t di\u1ec5n vi\u00ean \u0111\u1ea7y tham v\u1ecdng, v\u00e0 \u0111\u00e2y l\u00e0 trang web c\u1ee7a t\u00f4i. T\u00f4i s\u1ed1ng \u1edf Los Angeles, c\u00f3 m\u1ed9t ch\u00fa ch\u00f3 tuy\u1ec7t v\u1eddi t\u00ean l\u00e0 Jack, v\u00e0 t\u00f4i th\u00edch \u0111\u1ed3 u\u1ed1ng pi\u00f1a colada. (V\u00e0 c\u1ea3m gi\u00e1c b\u1ecb m\u01b0a \u01b0\u1edbt.)<\/p>\n\n<\/blockquote>\n\n\n\n<p>\u2026ho\u1eb7c \u0111\u1ea1i lo\u1ea1i nh\u01b0 th\u1ebf n\u00e0y:<\/p>\n\n\n\n<blockquote class=\"wp-block-quote is-layout-flow wp-block-quote-is-layout-flow\">\n\n<p>C\u00f4ng ty XYZ Doohickey \u0111\u01b0\u1ee3c th\u00e0nh l\u1eadp v\u00e0o n\u0103m 1971 v\u00e0 t\u1eeb \u0111\u00f3 \u0111\u1ebfn nay lu\u00f4n cung c\u1ea5p nh\u1eefng s\u1ea3n ph\u1ea9m doohickey ch\u1ea5t l\u01b0\u1ee3ng cho c\u00f4ng ch\u00fang. C\u00f3 tr\u1ee5 s\u1edf t\u1ea1i Th\u00e0nh ph\u1ed1 Gotham, XYZ hi\u1ec7n c\u00f3 h\u01a1n 2.000 nh\u00e2n vi\u00ean v\u00e0 th\u1ef1c hi\u1ec7n nhi\u1ec1u ho\u1ea1t \u0111\u1ed9ng \u00fd ngh\u0129a cho c\u1ed9ng \u0111\u1ed3ng Gotham.<\/p>\n\n<\/blockquote>\n\n\n\n<p>L\u00e0 m\u1ed9t ng\u01b0\u1eddi d\u00f9ng WordPress m\u1edbi, b\u1ea1n n\u00ean truy c\u1eadp <a href=\"http:\/\/defoamer.net\/wp-admin\/\">b\u1ea3ng \u0111i\u1ec1u khi\u1ec3n c\u1ee7a b\u1ea1n<\/a> \u0111\u1ec3 x\u00f3a trang n\u00e0y v\u00e0 t\u1ea1o c\u00e1c trang m\u1edbi cho n\u1ed9i dung c\u1ee7a b\u1ea1n. Ch\u00fac b\u1ea1n vui v\u1ebb!<\/p>","protected":false},"excerpt":{"rendered":"<p>This is an example page. It&#8217;s different from a blog post because it will stay in one place and will show up in your site navigation (in most themes). Most people start with an About page that introduces them to potential site visitors. It might say something like this: Hi there! I&#8217;m a bike messenger [&hellip;]<\/p>","protected":false},"author":1,"featured_media":0,"parent":0,"menu_order":0,"comment_status":"closed","ping_status":"open","template":"","meta":{"footnotes":""},"class_list":["post-2","page","type-page","status-publish","hentry"],"aioseo_notices":[],"_links":{"self":[{"href":"http:\/\/defoamer.net\/vi\/wp-json\/wp\/v2\/pages\/2","targetHints":{"allow":["GET"]}}],"collection":[{"href":"http:\/\/defoamer.net\/vi\/wp-json\/wp\/v2\/pages"}],"about":[{"href":"http:\/\/defoamer.net\/vi\/wp-json\/wp\/v2\/types\/page"}],"author":[{"embeddable":true,"href":"http:\/\/defoamer.net\/vi\/wp-json\/wp\/v2\/users\/1"}],"replies":[{"embeddable":true,"href":"http:\/\/defoamer.net\/vi\/wp-json\/wp\/v2\/comments?post=2"}],"version-history":[{"count":0,"href":"http:\/\/defoamer.net\/vi\/wp-json\/wp\/v2\/pages\/2\/revisions"}],"wp:attachment":[{"href":"http:\/\/defoamer.net\/vi\/wp-json\/wp\/v2\/media?parent=2"}],"curies":[{"name":"wp","href":"https:\/\/api.w.org\/{rel}","templated":true}]}}